{"id":33,"date":"2024-10-01T14:53:36","date_gmt":"2024-10-01T14:53:36","guid":{"rendered":"https:\/\/pentagramafest.com\/?page_id=33"},"modified":"2024-10-02T15:13:16","modified_gmt":"2024-10-02T15:13:16","slug":"aviso-legal","status":"publish","type":"page","link":"https:\/\/pentagramafest.com\/es\/aviso-legal\/","title":{"rendered":"Aviso legal"},"content":{"rendered":"<h1 class=\"wp-block-post-title\">Aviso legal<\/h1>\n\n\n<p>Conforme a lo establecido en la Ley Org\u00e1nica 15\/1999, de 13 de Diciembre, de Protecci\u00f3n de Datos de Car\u00e1cter Personal, le informamos de que los datos recogidos formar\u00e1n parte de un fichero, cuyo responsable es UTE Pentagrama Fest, y cuya finalidad es la gesti\u00f3n de su participaci\u00f3n en el cualesquiera de las actividades que se organicen bajo la marca Pentagrama Fest . En caso de que no nos proporcione los datos solicitados, es posible que no se pueda llevar a cabo correctamente su inscripci\u00f3n.<\/p>\n\n\n\n<p>En cualquier momento podr\u00e1 ejercer los Derechos de acceso, rectificaci\u00f3n, cancelaci\u00f3n y oposici\u00f3n en la forma legalmente establecida . As\u00ed mismo,en la direcci\u00f3n de correo electr\u00f3nico pentagramafest.com podr\u00e1 solicitar su baja de usuario cuando lo estime conveniente y darse de baja en el sistema de recepci\u00f3n de comunicaciones por v\u00eda electr\u00f3nica, aportando un escrito firmada debidamente y adjuntando copia de su DNI.<\/p>\n\n\n\n<p>Sus datos no ser\u00e1n cedidos a terceros ajenos a la organizaci\u00f3n del Congreso, salvo en los casos en los que la ley lo permita o exija expresamente<\/p>\n","protected":false},"excerpt":{"rendered":"<p>Conforme a lo establecido en la Ley Org\u00e1nica 15\/1999, de 13 de Diciembre, de Protecci\u00f3n de Datos de Car\u00e1cter Personal, le informamos de que los datos recogidos formar\u00e1n parte de un fichero, cuyo responsable es UTE Pentagrama Fest, y cuya finalidad es la gesti\u00f3n de su participaci\u00f3n en el cualesquiera de las actividades que se [&hellip;]<\/p>\n","protected":false},"author":3,"featured_media":0,"parent":0,"menu_order":0,"comment_status":"closed","ping_status":"closed","template":"","meta":{"_acf_changed":false,"_themeisle_gutenberg_block_has_review":false,"footnotes":""},"class_list":["post-33","page","type-page","status-publish","hentry"],"acf":[],"_links":{"self":[{"href":"https:\/\/pentagramafest.com\/es\/wp-json\/wp\/v2\/pages\/33","targetHints":{"allow":["GET"]}}],"collection":[{"href":"https:\/\/pentagramafest.com\/es\/wp-json\/wp\/v2\/pages"}],"about":[{"href":"https:\/\/pentagramafest.com\/es\/wp-json\/wp\/v2\/types\/page"}],"author":[{"embeddable":true,"href":"https:\/\/pentagramafest.com\/es\/wp-json\/wp\/v2\/users\/3"}],"replies":[{"embeddable":true,"href":"https:\/\/pentagramafest.com\/es\/wp-json\/wp\/v2\/comments?post=33"}],"version-history":[{"count":3,"href":"https:\/\/pentagramafest.com\/es\/wp-json\/wp\/v2\/pages\/33\/revisions"}],"predecessor-version":[{"id":94,"href":"https:\/\/pentagramafest.com\/es\/wp-json\/wp\/v2\/pages\/33\/revisions\/94"}],"wp:attachment":[{"href":"https:\/\/pentagramafest.com\/es\/wp-json\/wp\/v2\/media?parent=33"}],"curies":[{"name":"wp","href":"https:\/\/api.w.org\/{rel}","templated":true}]}}