{"id":35,"date":"2024-10-01T14:54:20","date_gmt":"2024-10-01T14:54:20","guid":{"rendered":"https:\/\/pentagramafest.com\/?page_id=35"},"modified":"2024-10-02T15:12:53","modified_gmt":"2024-10-02T15:12:53","slug":"politica-de-cookies","status":"publish","type":"page","link":"https:\/\/pentagramafest.com\/es\/politica-de-cookies\/","title":{"rendered":"Pol\u00edtica de cookies"},"content":{"rendered":"<h1 class=\"wp-block-post-title\">Pol\u00edtica de cookies<\/h1>\n\n\n<h2 class=\"wp-block-heading\">\u00bfQu\u00e9 son las cookies?<\/h2>\n\n\n\n<p>Las cookies son archivos que se descargan en su ordenador al acceder a determinadas p\u00e1ginas web y son necesarias para aportar a la navegaci\u00f3n web ventajas en la prestaci\u00f3n de servicios interactivos. Las cookies permiten a una p\u00e1gina web, entre otras cosas, almacenar y recuperar informaci\u00f3n sobre los h\u00e1bitos de navegaci\u00f3n de un usuario o de su equipo y, dependiendo de la informaci\u00f3n que contengan y de la forma en que utilice su equipo, pueden utilizarse para reconocer al usuario.<\/p>\n\n\n\n<p>Un ejemplo ser\u00eda cuando un usuario entra en la p\u00e1gina de una cuenta de correo electr\u00f3nico web. Las cookies permiten al sitio web reconocer el navegador de este usuario de manera que no tenga que registrarse cada vez que accede a su cuenta.<\/p>\n\n\n\n<h2 class=\"wp-block-heading\">Tipos posibles de cookies<\/h2>\n\n\n\n<p>Cookies de sesi\u00f3n: Son un tipo de cookies dise\u00f1adas para recabar y almacenar datos mientras el usuario accede a una p\u00e1gina web, y no queda registrada en el disco del usuario.<\/p>\n\n\n\n<p>Cookies persistentes: Son un tipo de cookies en el que los datos siguen almacenados en el terminal y pueden ser accedidos y tratados durante un periodo definido por el responsable de la cookie, y que puede ir de unos minutos a varios a\u00f1os.<\/p>\n\n\n\n<p>Las cookies tambi\u00e9n pueden ser:<\/p>\n\n\n\n<p>Propias: son cookies generadas por la propia p\u00e1gina web que se est\u00e1 visitando.<\/p>\n\n\n\n<p>De terceros: son cookies que se reciben al navegar por esa p\u00e1gina web, pero que han sido generadas por un tercer servicio que se encuentra hospedado en ella.<\/p>\n\n\n\n<h2 class=\"wp-block-heading\">Fines de las cookies<\/h2>\n\n\n\n<p>Fines t\u00e9cnicos: Son necesarias para el funcionamiento de la p\u00e1gina web. Son las denominadas tambi\u00e9n estrictamente necesarias. Hacen posible el control de tr\u00e1fico desde el servidor a m\u00faltiples usuarios a la vez, la identificaci\u00f3n y el acceso como usuario del sistema, etc.<\/p>\n\n\n\n<p>Personalizaci\u00f3n: Hacen posible que cada usuario pueda configurar aspectos como el lenguaje en el que desea ver la p\u00e1gina web o la configuraci\u00f3n regional.<\/p>\n\n\n\n<p>An\u00e1lisis o rendimiento: Permiten medir el n\u00famero de visitas y criterios de navegaci\u00f3n de diferentes \u00e1reas de la web de forma an\u00f3nima.<\/p>\n\n\n\n<p>Publicidad: Permiten implementar par\u00e1metros de eficiencia en la publicidad ofrecida en las p\u00e1ginas web.<\/p>\n\n\n\n<p>Publicidad comportamental: Permiten implementar par\u00e1metros de eficiencia en la publicidad ofrecida en las p\u00e1ginas web, basados en informaci\u00f3n sobre el comportamiento de los usuarios.<\/p>\n\n\n\n<h2 class=\"wp-block-heading\">Uso de Cookies<\/h2>\n\n\n\n<p>pentagramafest.com utiliza las siguientes COOKIES: Cookies t\u00e9cnicas y Cookies de an\u00e1lisis, en concreto Cookies de Google Analytics.<\/p>\n\n\n\n<p>Cookies t\u00e9cnicas: Son aquellas necesarias para el funcionamiento de la p\u00e1gina web. Son las denominadas tambi\u00e9n estrictamente necesarias. Hacen posible el control de tr\u00e1fico desde el servidor a m\u00faltiples usuarios a la vez, la identificaci\u00f3n y el acceso como usuario del sistema, etc. Estas cookies no recogen ninguna informaci\u00f3n sobre su navegaci\u00f3n que pueda ser utilizada por acciones de marketing o para recordar por qu\u00e9 p\u00e1ginas ha navegado.<\/p>\n\n\n\n<p>Cookies de an\u00e1lisis: Son aquellas que permiten al responsable de las mismas, el seguimiento y an\u00e1lisis del comportamiento de los usuarios de los sitios web a los que est\u00e1n vinculadas. La informaci\u00f3n recogida mediante este tipo de cookies se utiliza en la medici\u00f3n de la actividad de los sitios web, aplicaci\u00f3n o plataforma y para la elaboraci\u00f3n de perfiles de navegaci\u00f3n de los usuarios de dichos sitios, aplicaciones y plataformas, con el fin de introducir mejoras en funci\u00f3n del an\u00e1lisis de los datos de uso que hacen los usuarios del servicio.<\/p>\n\n\n\n<h2 class=\"wp-block-heading\">C\u00f3mo desinstalar cookies<\/h2>\n\n\n\n<p>Si quiere borrar de su navegador las cookies registradas por pentagramafest.com, aqu\u00ed tiene instrucciones para distintos navegadores:<\/p>\n\n\n\n<p>Internet Explorer: http:\/\/windows.microsoft.com\/es-es\/internet-explorer\/delete-manage-cookies<\/p>\n\n\n\n<p>Google Chrome: https:\/\/support.google.com\/chrome\/answer\/95647<\/p>\n\n\n\n<p>Firefox: http:\/\/support.mozilla.org\/kb\/delete-cookies-remove-info-websites-stored<\/p>\n","protected":false},"excerpt":{"rendered":"<p>\u00bfQu\u00e9 son las cookies? Las cookies son archivos que se descargan en su ordenador al acceder a determinadas p\u00e1ginas web y son necesarias para aportar a la navegaci\u00f3n web ventajas en la prestaci\u00f3n de servicios interactivos. Las cookies permiten a una p\u00e1gina web, entre otras cosas, almacenar y recuperar informaci\u00f3n sobre los h\u00e1bitos de navegaci\u00f3n [&hellip;]<\/p>\n","protected":false},"author":3,"featured_media":0,"parent":0,"menu_order":0,"comment_status":"closed","ping_status":"closed","template":"","meta":{"_acf_changed":false,"_themeisle_gutenberg_block_has_review":false,"footnotes":""},"class_list":["post-35","page","type-page","status-publish","hentry"],"acf":[],"_links":{"self":[{"href":"https:\/\/pentagramafest.com\/es\/wp-json\/wp\/v2\/pages\/35","targetHints":{"allow":["GET"]}}],"collection":[{"href":"https:\/\/pentagramafest.com\/es\/wp-json\/wp\/v2\/pages"}],"about":[{"href":"https:\/\/pentagramafest.com\/es\/wp-json\/wp\/v2\/types\/page"}],"author":[{"embeddable":true,"href":"https:\/\/pentagramafest.com\/es\/wp-json\/wp\/v2\/users\/3"}],"replies":[{"embeddable":true,"href":"https:\/\/pentagramafest.com\/es\/wp-json\/wp\/v2\/comments?post=35"}],"version-history":[{"count":3,"href":"https:\/\/pentagramafest.com\/es\/wp-json\/wp\/v2\/pages\/35\/revisions"}],"predecessor-version":[{"id":93,"href":"https:\/\/pentagramafest.com\/es\/wp-json\/wp\/v2\/pages\/35\/revisions\/93"}],"wp:attachment":[{"href":"https:\/\/pentagramafest.com\/es\/wp-json\/wp\/v2\/media?parent=35"}],"curies":[{"name":"wp","href":"https:\/\/api.w.org\/{rel}","templated":true}]}}