{"id":575,"date":"2025-09-23T10:55:07","date_gmt":"2025-09-23T10:55:07","guid":{"rendered":"https:\/\/pentagramafest.com\/?page_id=575"},"modified":"2025-09-26T10:16:08","modified_gmt":"2025-09-26T10:16:08","slug":"espacios","status":"publish","type":"page","link":"https:\/\/pentagramafest.com\/es\/espacios\/","title":{"rendered":"Espacios"},"content":{"rendered":"\n<div style=\"height:50px\" aria-hidden=\"true\" class=\"wp-block-spacer\"><\/div>\n\n\n\n<div class=\"wp-block-group\"><div class=\"wp-block-group__inner-container is-layout-constrained wp-block-group-is-layout-constrained\">\n<div class=\"wp-block-cover is-light\"><img loading=\"lazy\" decoding=\"async\" width=\"1204\" height=\"804\" class=\"wp-block-cover__image-background wp-image-727 size-full\" alt=\"\" src=\"https:\/\/pentagramafest.com\/wp-content\/uploads\/2025\/09\/bilborock-01-w.jpg\" data-object-fit=\"cover\" srcset=\"https:\/\/pentagramafest.com\/wp-content\/uploads\/2025\/09\/bilborock-01-w.jpg 1204w, https:\/\/pentagramafest.com\/wp-content\/uploads\/2025\/09\/bilborock-01-w-300x200.jpg 300w, https:\/\/pentagramafest.com\/wp-content\/uploads\/2025\/09\/bilborock-01-w-1024x684.jpg 1024w, https:\/\/pentagramafest.com\/wp-content\/uploads\/2025\/09\/bilborock-01-w-768x513.jpg 768w\" sizes=\"auto, (max-width: 1204px) 100vw, 1204px\" \/><span aria-hidden=\"true\" class=\"wp-block-cover__background has-background-dim\" style=\"background-color:#898d8f\"><\/span><div class=\"wp-block-cover__inner-container is-layout-constrained wp-block-cover-is-layout-constrained\">\n<h1 class=\"wp-block-heading has-text-align-center has-white-color has-text-color has-link-color has-x-large-font-size wp-elements-80e5d3d8aae0fe025dd8f134a4f487dd\">BILBOROCK<\/h1>\n<\/div><\/div>\n<\/div><\/div>\n\n\n\n<div style=\"height:30px\" aria-hidden=\"true\" class=\"wp-block-spacer\"><\/div>\n\n\n\n<p>Bilborock es uno de los espacios culturales m\u00e1s emblem\u00e1ticos de Bilbao, ubicado en la antigua iglesia de La Merced y reconvertido en un referente de la escena musical y creativa de la ciudad. Con una programaci\u00f3n que combina conciertos, teatro, festivales y actividades para j\u00f3venes, se ha consolidado como un lugar de encuentro intergeneracional donde conviven lo hist\u00f3rico y lo contempor\u00e1neo.<\/p>\n\n\n\n<p>En el marco de Pentagrama Fest 2025, Bilborock acoger\u00e1 la jornada inaugural con propuestas que reflejan la esencia del festival: abrir escenarios al talento emergente, mezclar g\u00e9neros y ofrecer experiencias que conectan con el pulso urbano de la ciudad. Su car\u00e1cter simb\u00f3lico y su atm\u00f3sfera \u00fanica lo convierten en el punto de partida ideal para celebrar la diversidad y la transformaci\u00f3n social a trav\u00e9s de la cultura.<\/p>\n\n\n\n<div style=\"height:100px\" aria-hidden=\"true\" class=\"wp-block-spacer\"><\/div>\n\n\n\n<div class=\"wp-block-group\"><div class=\"wp-block-group__inner-container is-layout-constrained wp-block-group-is-layout-constrained\">\n<div class=\"wp-block-cover is-light\"><img loading=\"lazy\" decoding=\"async\" width=\"2000\" height=\"1125\" class=\"wp-block-cover__image-background wp-image-659 size-full\" alt=\"\" src=\"https:\/\/pentagramafest.com\/wp-content\/uploads\/2025\/09\/Edificio-EDE-01.jpg\" style=\"object-position:48% 32%\" data-object-fit=\"cover\" data-object-position=\"48% 32%\" srcset=\"https:\/\/pentagramafest.com\/wp-content\/uploads\/2025\/09\/Edificio-EDE-01.jpg 2000w, https:\/\/pentagramafest.com\/wp-content\/uploads\/2025\/09\/Edificio-EDE-01-300x169.jpg 300w, https:\/\/pentagramafest.com\/wp-content\/uploads\/2025\/09\/Edificio-EDE-01-1024x576.jpg 1024w, https:\/\/pentagramafest.com\/wp-content\/uploads\/2025\/09\/Edificio-EDE-01-768x432.jpg 768w, https:\/\/pentagramafest.com\/wp-content\/uploads\/2025\/09\/Edificio-EDE-01-1536x864.jpg 1536w\" sizes=\"auto, (max-width: 2000px) 100vw, 2000px\" \/><span aria-hidden=\"true\" class=\"wp-block-cover__background has-background-dim\" style=\"background-color:#9a9ea6\"><\/span><div class=\"wp-block-cover__inner-container is-layout-constrained wp-block-cover-is-layout-constrained\">\n<h1 class=\"wp-block-heading has-text-align-center has-white-color has-text-color has-link-color has-x-large-font-size wp-elements-06ad5cad35ee217221f071f60a2b5c7e\">EDIFICIO EDE<\/h1>\n<\/div><\/div>\n<\/div><\/div>\n\n\n\n<div style=\"height:30px\" aria-hidden=\"true\" class=\"wp-block-spacer\"><\/div>\n\n\n\n<p>El Edificio de EDE Fundazioa es un espacio dedicado a la innovaci\u00f3n social, la formaci\u00f3n y la participaci\u00f3n comunitaria en Bilbao. Concebido como un lugar abierto al di\u00e1logo y la transformaci\u00f3n, acoge proyectos que buscan generar impacto positivo en la sociedad a trav\u00e9s de la educaci\u00f3n, la cultura y la acci\u00f3n social.<\/p>\n\n\n\n<p>Dentro de Pentagrama Fest 2025, el Edificio de EDE ser\u00e1 escenario de actividades centradas en la reflexi\u00f3n cr\u00edtica y la palabra como herramienta de cambio. Un espacio ideal para dar voz a debates y propuestas que conectan con los valores de igualdad, diversidad e inclusi\u00f3n que inspiran al festival.<\/p>\n\n\n\n<div style=\"height:100px\" aria-hidden=\"true\" class=\"wp-block-spacer\"><\/div>\n\n\n\n<div class=\"wp-block-group\"><div class=\"wp-block-group__inner-container is-layout-constrained wp-block-group-is-layout-constrained\">\n<div class=\"wp-block-cover is-light\"><img loading=\"lazy\" decoding=\"async\" width=\"1000\" height=\"668\" class=\"wp-block-cover__image-background wp-image-576 size-full\" alt=\"\" src=\"https:\/\/pentagramafest.com\/wp-content\/uploads\/2025\/09\/espacios.jpg\" style=\"object-position:48% 22%\" data-object-fit=\"cover\" data-object-position=\"48% 22%\" srcset=\"https:\/\/pentagramafest.com\/wp-content\/uploads\/2025\/09\/espacios.jpg 1000w, https:\/\/pentagramafest.com\/wp-content\/uploads\/2025\/09\/espacios-300x200.jpg 300w, https:\/\/pentagramafest.com\/wp-content\/uploads\/2025\/09\/espacios-768x513.jpg 768w\" sizes=\"auto, (max-width: 1000px) 100vw, 1000px\" \/><span aria-hidden=\"true\" class=\"wp-block-cover__background has-background-dim\" style=\"background-color:#828191\"><\/span><div class=\"wp-block-cover__inner-container is-layout-constrained wp-block-cover-is-layout-constrained\">\n<h1 class=\"wp-block-heading has-text-align-center has-white-color has-text-color has-link-color has-x-large-font-size wp-elements-5bf955ceb2320e2e15432d92e30c9bed\">AS FABRIK<\/h1>\n<\/div><\/div>\n<\/div><\/div>\n\n\n\n<div style=\"height:30px\" aria-hidden=\"true\" class=\"wp-block-spacer\"><\/div>\n\n\n\n<p>AS Fabrik es un espacio de referencia en Bilbao para la formaci\u00f3n, la innovaci\u00f3n y la colaboraci\u00f3n en el \u00e1mbito de la econom\u00eda digital, la industria creativa y los proyectos culturales. Dise\u00f1ado como un entorno de aprendizaje y experimentaci\u00f3n, se ha convertido en un punto de encuentro entre j\u00f3venes, empresas y agentes sociales.<\/p>\n\n\n\n<p>En Pentagrama Fest 2025, AS Fabrik acoger\u00e1 debates y propuestas que ponen el foco en los medios de comunicaci\u00f3n y en la representaci\u00f3n de la diversidad. Su car\u00e1cter innovador y colaborativo lo convierte en el lugar id\u00f3neo para reflexionar sobre el papel de la cultura y la comunicaci\u00f3n como motores de transformaci\u00f3n social.<\/p>\n\n\n\n<p><\/p>\n\n\n\n<div style=\"height:100px\" aria-hidden=\"true\" class=\"wp-block-spacer\"><\/div>\n\n\n\n<div class=\"wp-block-group\"><div class=\"wp-block-group__inner-container is-layout-constrained wp-block-group-is-layout-constrained\">\n<div class=\"wp-block-cover\"><img loading=\"lazy\" decoding=\"async\" width=\"2560\" height=\"1490\" class=\"wp-block-cover__image-background wp-image-655 size-full\" alt=\"\" src=\"https:\/\/pentagramafest.com\/wp-content\/uploads\/2025\/09\/Bilbao-Arena-01.jpg\" style=\"object-position:50% 0%\" data-object-fit=\"cover\" data-object-position=\"50% 0%\" srcset=\"https:\/\/pentagramafest.com\/wp-content\/uploads\/2025\/09\/Bilbao-Arena-01.jpg 2560w, https:\/\/pentagramafest.com\/wp-content\/uploads\/2025\/09\/Bilbao-Arena-01-300x175.jpg 300w, https:\/\/pentagramafest.com\/wp-content\/uploads\/2025\/09\/Bilbao-Arena-01-1024x596.jpg 1024w, https:\/\/pentagramafest.com\/wp-content\/uploads\/2025\/09\/Bilbao-Arena-01-768x447.jpg 768w, https:\/\/pentagramafest.com\/wp-content\/uploads\/2025\/09\/Bilbao-Arena-01-1536x894.jpg 1536w, https:\/\/pentagramafest.com\/wp-content\/uploads\/2025\/09\/Bilbao-Arena-01-2048x1192.jpg 2048w\" sizes=\"auto, (max-width: 2560px) 100vw, 2560px\" \/><span aria-hidden=\"true\" class=\"wp-block-cover__background has-background-dim\" style=\"background-color:#768080\"><\/span><div class=\"wp-block-cover__inner-container is-layout-constrained wp-block-cover-is-layout-constrained\">\n<h1 class=\"wp-block-heading has-text-align-center has-white-color has-text-color has-link-color has-x-large-font-size wp-elements-5bb0f65cb781a9d332a5aadf648acf1e\">BILBAO ARENA<\/h1>\n<\/div><\/div>\n<\/div><\/div>\n\n\n\n<div style=\"height:30px\" aria-hidden=\"true\" class=\"wp-block-spacer\"><\/div>\n\n\n\n<p>El Bilbao Arena, ubicado en Miribilla, es uno de los grandes referentes culturales y deportivos de la ciudad. Con su arquitectura singular y su capacidad para acoger a miles de personas, se ha consolidado como escenario de conciertos, espect\u00e1culos y eventos de gran formato que marcan la agenda cultural de Euskadi.<\/p>\n\n\n\n<p>En Pentagrama Fest 2025, el Bilbao Arena ser\u00e1 el epicentro de la programaci\u00f3n, con actividades de acceso libre durante todo el d\u00eda \u2014talleres, exhibiciones, charlas y propuestas art\u00edsticas\u2014 y una gran noche de conciertos que reunir\u00e1 a artistas de proyecci\u00f3n internacional y local. Su amplitud y versatilidad lo convierten en el espacio perfecto para cerrar el festival con una celebraci\u00f3n colectiva de diversidad, m\u00fasica y transformaci\u00f3n social. <\/p>\n\n\n\n<p><\/p>\n","protected":false},"excerpt":{"rendered":"<p>Bilborock es uno de los espacios culturales m\u00e1s emblem\u00e1ticos de Bilbao, ubicado en la antigua iglesia de La Merced y reconvertido en un referente de la escena musical y creativa de la ciudad. Con una programaci\u00f3n que combina conciertos, teatro, festivales y actividades para j\u00f3venes, se ha consolidado como un lugar de encuentro intergeneracional donde [&hellip;]<\/p>\n","protected":false},"author":3,"featured_media":513,"parent":0,"menu_order":0,"comment_status":"closed","ping_status":"closed","template":"","meta":{"_acf_changed":false,"_themeisle_gutenberg_block_has_review":false,"footnotes":""},"class_list":["post-575","page","type-page","status-publish","has-post-thumbnail","hentry"],"acf":[],"_links":{"self":[{"href":"https:\/\/pentagramafest.com\/es\/wp-json\/wp\/v2\/pages\/575","targetHints":{"allow":["GET"]}}],"collection":[{"href":"https:\/\/pentagramafest.com\/es\/wp-json\/wp\/v2\/pages"}],"about":[{"href":"https:\/\/pentagramafest.com\/es\/wp-json\/wp\/v2\/types\/page"}],"author":[{"embeddable":true,"href":"https:\/\/pentagramafest.com\/es\/wp-json\/wp\/v2\/users\/3"}],"replies":[{"embeddable":true,"href":"https:\/\/pentagramafest.com\/es\/wp-json\/wp\/v2\/comments?post=575"}],"version-history":[{"count":22,"href":"https:\/\/pentagramafest.com\/es\/wp-json\/wp\/v2\/pages\/575\/revisions"}],"predecessor-version":[{"id":729,"href":"https:\/\/pentagramafest.com\/es\/wp-json\/wp\/v2\/pages\/575\/revisions\/729"}],"wp:featuredmedia":[{"embeddable":true,"href":"https:\/\/pentagramafest.com\/es\/wp-json\/wp\/v2\/media\/513"}],"wp:attachment":[{"href":"https:\/\/pentagramafest.com\/es\/wp-json\/wp\/v2\/media?parent=575"}],"curies":[{"name":"wp","href":"https:\/\/api.w.org\/{rel}","templated":true}]}}